{"id":1663,"date":"2022-11-23T16:18:38","date_gmt":"2022-11-23T15:18:38","guid":{"rendered":"https:\/\/www.grupfideliter.com\/?page_id=1663"},"modified":"2023-11-16T12:51:53","modified_gmt":"2023-11-16T11:51:53","slug":"politica-de-privacidad","status":"publish","type":"page","link":"https:\/\/www.grupfideliter.com\/es\/politica-de-privacidad\/","title":{"rendered":"Pol\u00edtica de privacidad"},"content":{"rendered":"\t\t<div data-elementor-type=\"wp-page\" data-elementor-id=\"1663\" class=\"elementor elementor-1663 elementor-620\" data-elementor-post-type=\"page\">\n\t\t\t\t\t\t<section class=\"elementor-section elementor-top-section elementor-element elementor-element-2111fa1 elementor-section-full_width elementor-section-height-min-height elementor-section-height-default elementor-section-items-middle\" data-id=\"2111fa1\" data-element_type=\"section\" data-e-type=\"section\" data-settings=\"{&quot;background_background&quot;:&quot;classic&quot;}\">\n\t\t\t\t\t\t\t<div class=\"elementor-background-overlay\"><\/div>\n\t\t\t\t\t\t\t<div class=\"elementor-container elementor-column-gap-default\">\n\t\t\t\t\t<div class=\"elementor-column elementor-col-100 elementor-top-column elementor-element elementor-element-9a8213d\" data-id=\"9a8213d\" data-element_type=\"column\" data-e-type=\"column\">\n\t\t\t<div class=\"elementor-widget-wrap elementor-element-populated\">\n\t\t\t\t\t\t<section class=\"elementor-section elementor-inner-section elementor-element elementor-element-0fbcc16 elementor-section-boxed elementor-section-height-default elementor-section-height-default\" data-id=\"0fbcc16\" data-element_type=\"section\" data-e-type=\"section\">\n\t\t\t\t\t\t<div class=\"elementor-container elementor-column-gap-default\">\n\t\t\t\t\t<div class=\"elementor-column elementor-col-100 elementor-inner-column elementor-element elementor-element-f53ab6c\" data-id=\"f53ab6c\" data-element_type=\"column\" data-e-type=\"column\">\n\t\t\t<div class=\"elementor-widget-wrap elementor-element-populated\">\n\t\t\t\t\t\t<div class=\"elementor-element elementor-element-ecdcb22 animated-slow elementor-invisible elementor-widget elementor-widget-text-editor\" data-id=\"ecdcb22\" data-element_type=\"widget\" data-e-type=\"widget\" data-settings=\"{&quot;_animation&quot;:&quot;fadeInUp&quot;}\" data-widget_type=\"text-editor.default\">\n\t\t\t\t<div class=\"elementor-widget-container\">\n\t\t\t\t\t\t\t\t\tPol\u00edtica de privacidad\t\t\t\t\t\t\t\t<\/div>\n\t\t\t\t<\/div>\n\t\t\t\t\t<\/div>\n\t\t<\/div>\n\t\t\t\t\t<\/div>\n\t\t<\/section>\n\t\t\t\t\t<\/div>\n\t\t<\/div>\n\t\t\t\t\t<\/div>\n\t\t<\/section>\n\t\t\t\t<section class=\"elementor-section elementor-top-section elementor-element elementor-element-00ed726 elementor-section-boxed elementor-section-height-default elementor-section-height-default\" data-id=\"00ed726\" data-element_type=\"section\" data-e-type=\"section\">\n\t\t\t\t\t\t<div class=\"elementor-container elementor-column-gap-default\">\n\t\t\t\t\t<div class=\"elementor-column elementor-col-100 elementor-top-column elementor-element elementor-element-3f1d442\" data-id=\"3f1d442\" data-element_type=\"column\" data-e-type=\"column\">\n\t\t\t<div class=\"elementor-widget-wrap elementor-element-populated\">\n\t\t\t\t\t\t<section class=\"elementor-section elementor-inner-section elementor-element elementor-element-308ae47 elementor-section-boxed elementor-section-height-default elementor-section-height-default\" data-id=\"308ae47\" data-element_type=\"section\" data-e-type=\"section\">\n\t\t\t\t\t\t<div class=\"elementor-container elementor-column-gap-default\">\n\t\t\t\t\t<div class=\"elementor-column elementor-col-100 elementor-inner-column elementor-element elementor-element-5b1aa0b\" data-id=\"5b1aa0b\" data-element_type=\"column\" data-e-type=\"column\">\n\t\t\t<div class=\"elementor-widget-wrap elementor-element-populated\">\n\t\t\t\t\t\t<div class=\"elementor-element elementor-element-4629955 elementor-widget elementor-widget-text-editor\" data-id=\"4629955\" data-element_type=\"widget\" data-e-type=\"widget\" data-widget_type=\"text-editor.default\">\n\t\t\t\t<div class=\"elementor-widget-container\">\n\t\t\t\t\t\t\t\t\t<p><b style=\"font-size: 1.7em; font-style: inherit;\">Objeto<\/b><\/p>\n<p>Tratar, conforme a la normativa aplicable y a los t\u00e9rminos y condiciones del presente, los datos de las personas usuarias de este portal o que se comuniquen electr\u00f3nicamente con Grup <b>FIDELITER<\/b>.<\/p>\n<\/p>\n<h2><b>Responsable del tratamiento<\/b><\/h2>\n<p>El responsable del tratamiento de los datos personales facilitados por las personas usuarias es <b>FIDELITER MEDIUM<\/b>, Societat Civil Professional, con domicilio en Passeig de la Rep\u00fablica, 7, ent. 4\u00aa. de Manresa, inscrita en el Registro Mercantil de Barcelona, al tomo 40778, folio 23, hoja B 374797. NIF J 64095706.<br \/>Tel\u00e9fonos: 93 872 55 33 i 93 872 58 00<\/p>\n<p>Correo electr\u00f3nico: info@grupfideliter.com<\/p>\n<\/p>\n<h2><b>Los datos y la finalidad de su tratamiento<\/b><\/h2>\n<p>Recogemos y tratamos los siguientes datos de las personas usuarias:<\/p>\n<ul>\n<li>Direcci\u00f3n IP y similares.<\/li>\n<li>La direcci\u00f3n IP, o c\u00f3digo que identifica la conexi\u00f3n a internet de la persona usuaria en un determinado momento y las cookies (*).<\/li>\n<\/ul>\n<p style=\"padding-left: 40px;\">(*) Una \u201ccookie\u201d es un archivo que se descarga en su equipo (ordenador o dispositivo m\u00f3vil) con la finalidad de almacenar datos que podr\u00e1n ser actualizados y recuperados por la entidad responsable de su instalaci\u00f3n.<\/p>\n<ul>\n<li>Datos identificativos y de contacto de las personas usuarias.<br \/>Grup <b>FIDELITER<\/b> podr\u00e1 utilizar los datos de contacto al objeto de trasladar propuestas a las personas usuarias que as\u00ed lo acepten.<\/li>\n<\/ul>\n<p>Grup <b>FIDELITER<\/b> podr\u00e1 enviar informaci\u00f3n sobre actividades de la firma, o sobre cuestiones generales de los \u00e1mbitos de actuaci\u00f3n de \u00e9sta, salvo que se manifieste el deseo de no recibirla.<\/p>\n<\/p>\n<h2><b>Comunicaci\u00f3n de los datos<\/b><\/h2>\n<p>Grup <b>FIDELITER<\/b> no comunicar\u00e1 los datos a terceros, salvo por obligaci\u00f3n legal, cuando sea imprescindible para gestionar y mantener la relaci\u00f3n con las personas usuarias o, en otro caso, mediando la previa autorizaci\u00f3n de \u00e9stas.<\/p>\n<h2><b>Conservaci\u00f3n, revocaci\u00f3n y cancelaci\u00f3n<\/b><\/h2>\n<p>Grup <b>FIDELITER <\/b>recoger\u00e1 y tratar\u00e1 los datos mientras se mantenga la relaci\u00f3n y la persona usuaria no haya revocado su consentimiento. Si existe revocaci\u00f3n del consentimiento, la conservaci\u00f3n de los datos se extender\u00e1 en el tiempo, bajo bloqueo, mientras existan responsabilidades legales o contractuales que lo requieran y que impidan su cancelaci\u00f3n.<\/p>\n<h2><b>Derechos de la persona usuaria<\/b><\/h2>\n<ul>\n<li>Acceso a los datos personales objeto de tratamiento y al desarrollo del tratamiento.<\/li>\n<li>Rectificaci\u00f3n, supresi\u00f3n o limitaci\u00f3n de datos, seg\u00fan proceda.<\/li>\n<li>Portabilidad cuando el tratamiento sea automatizado y se fundamente en una relaci\u00f3n contractual o en el consentimiento.<\/li>\n<li>Oposici\u00f3n al tratamiento conforme a la ley.<\/li>\n<li>Revocaci\u00f3n del consentimiento en cualquier momento.<\/li>\n<\/ul>\n<p>Se podr\u00e1n ejercitar estos derechos, conforme a la legislaci\u00f3n vigente, en el domicilio social de <b>FIDELITER MEDIUM<\/b>, Societat Civil Professional o enviando un correo electr\u00f3nico a info@grupfideliter.com.<br \/>La persona usuaria podr\u00e1 formular cualquier reclamaci\u00f3n o demanda de m\u00e1s informaci\u00f3n contactando con la Agencia Espa\u00f1ola de Protecci\u00f3n de Datos (www.aepd.es)<\/p>\n\t\t\t\t\t\t\t\t<\/div>\n\t\t\t\t<\/div>\n\t\t\t\t\t<\/div>\n\t\t<\/div>\n\t\t\t\t\t<\/div>\n\t\t<\/section>\n\t\t\t\t\t<\/div>\n\t\t<\/div>\n\t\t\t\t\t<\/div>\n\t\t<\/section>\n\t\t\t\t<\/div>\n\t\t","protected":false},"excerpt":{"rendered":"<p>Objeto Tratar, conforme a la normativa aplicable y a los t\u00e9rminos y condiciones del presente, los datos de las personas usuarias de este portal o que se comuniquen electr\u00f3nicamente con Grup FIDELITER. Responsable del tratamiento El responsable del tratamiento de los datos personales facilitados por las personas usuarias es FIDELITER MEDIUM, Societat Civil Professional, con [&hellip;]<\/p>\n","protected":false},"author":1,"featured_media":0,"parent":0,"menu_order":0,"comment_status":"closed","ping_status":"closed","template":"","meta":{"inline_featured_image":false,"site-sidebar-layout":"no-sidebar","site-content-layout":"page-builder","ast-site-content-layout":"default","site-content-style":"default","site-sidebar-style":"default","ast-global-header-display":"","ast-banner-title-visibility":"","ast-main-header-display":"","ast-hfb-above-header-display":"","ast-hfb-below-header-display":"","ast-hfb-mobile-header-display":"","site-post-title":"disabled","ast-breadcrumbs-content":"","ast-featured-img":"disabled","footer-sml-layout":"","ast-disable-related-posts":"","theme-transparent-header-meta":"default","adv-header-id-meta":"","stick-header-meta":"default","header-above-stick-meta":"","header-main-stick-meta":"","header-below-stick-meta":"","astra-migrate-meta-layouts":"default","ast-page-background-enabled":"default","ast-page-background-meta":{"desktop":{"background-color":"var(--ast-global-color-4)","background-image":"","background-repeat":"repeat","background-position":"center center","background-size":"auto","background-attachment":"scroll","background-type":"","background-media":"","overlay-type":"","overlay-color":"","overlay-opacity":"","overlay-gradient":""},"tablet":{"background-color":"","background-image":"","background-repeat":"repeat","background-position":"center center","background-size":"auto","background-attachment":"scroll","background-type":"","background-media":"","overlay-type":"","overlay-color":"","overlay-opacity":"","overlay-gradient":""},"mobile":{"background-color":"","background-image":"","background-repeat":"repeat","background-position":"center center","background-size":"auto","background-attachment":"scroll","background-type":"","background-media":"","overlay-type":"","overlay-color":"","overlay-opacity":"","overlay-gradient":""}},"ast-content-background-meta":{"desktop":{"background-color":"var(--ast-global-color-5)","background-image":"","background-repeat":"repeat","background-position":"center center","background-size":"auto","background-attachment":"scroll","background-type":"","background-media":"","overlay-type":"","overlay-color":"","overlay-opacity":"","overlay-gradient":""},"tablet":{"background-color":"var(--ast-global-color-5)","background-image":"","background-repeat":"repeat","background-position":"center center","background-size":"auto","background-attachment":"scroll","background-type":"","background-media":"","overlay-type":"","overlay-color":"","overlay-opacity":"","overlay-gradient":""},"mobile":{"background-color":"var(--ast-global-color-5)","background-image":"","background-repeat":"repeat","background-position":"center center","background-size":"auto","background-attachment":"scroll","background-type":"","background-media":"","overlay-type":"","overlay-color":"","overlay-opacity":"","overlay-gradient":""}},"footnotes":""},"class_list":["post-1663","page","type-page","status-publish","hentry"],"_links":{"self":[{"href":"https:\/\/www.grupfideliter.com\/es\/wp-json\/wp\/v2\/pages\/1663","targetHints":{"allow":["GET"]}}],"collection":[{"href":"https:\/\/www.grupfideliter.com\/es\/wp-json\/wp\/v2\/pages"}],"about":[{"href":"https:\/\/www.grupfideliter.com\/es\/wp-json\/wp\/v2\/types\/page"}],"author":[{"embeddable":true,"href":"https:\/\/www.grupfideliter.com\/es\/wp-json\/wp\/v2\/users\/1"}],"replies":[{"embeddable":true,"href":"https:\/\/www.grupfideliter.com\/es\/wp-json\/wp\/v2\/comments?post=1663"}],"version-history":[{"count":2,"href":"https:\/\/www.grupfideliter.com\/es\/wp-json\/wp\/v2\/pages\/1663\/revisions"}],"predecessor-version":[{"id":1909,"href":"https:\/\/www.grupfideliter.com\/es\/wp-json\/wp\/v2\/pages\/1663\/revisions\/1909"}],"wp:attachment":[{"href":"https:\/\/www.grupfideliter.com\/es\/wp-json\/wp\/v2\/media?parent=1663"}],"curies":[{"name":"wp","href":"https:\/\/api.w.org\/{rel}","templated":true}]}}